{"id":58540,"date":"2023-03-27T09:17:53","date_gmt":"2023-03-27T06:17:53","guid":{"rendered":"https:\/\/ironfx-com-php8.wp-dev.int.theitops.net\/?page_id=58540"},"modified":"2025-01-07T14:11:41","modified_gmt":"2025-01-07T12:11:41","slug":"live-tv","status":"publish","type":"page","link":"https:\/\/www.smartchinaeducation.com\/es\/live-tv\/","title":{"rendered":"Empezar a ver IronFX Live TV"},"content":{"rendered":"<div data-elementor-type=\"wp-page\" data-elementor-id=\"58540\" class=\"elementor elementor-58540\" data-elementor-post-type=\"page\">\n\t\t\t\t\t\t<section class=\"elementor-section elementor-top-section elementor-element elementor-element-b7d892a elementor-section-boxed elementor-section-height-default elementor-section-height-default\" data-id=\"b7d892a\" data-element_type=\"section\" data-e-type=\"section\" data-settings=\"{&quot;background_background&quot;:&quot;classic&quot;}\">\n\t\t\t\t\t\t<div class=\"elementor-container elementor-column-gap-default\">\n\t\t\t\t\t<div class=\"elementor-column elementor-col-100 elementor-top-column elementor-element elementor-element-1d52f9e\" data-id=\"1d52f9e\" data-element_type=\"column\" data-e-type=\"column\">\n\t\t\t<div class=\"elementor-widget-wrap elementor-element-populated\">\n\t\t\t\t\t\t<div class=\"elementor-element elementor-element-117e6b7 elementor-widget elementor-widget-heading\" data-id=\"117e6b7\" data-element_type=\"widget\" data-e-type=\"widget\" data-widget_type=\"heading.default\">\n\t\t\t\t<div class=\"elementor-widget-container\">\n\t\t\t\t\t<h1 class=\"elementor-heading-title elementor-size-default translation-block\">IronFX <span style=\"color:#ed1c24\">TV<\/span><\/h1>\t\t\t\t<\/div>\n\t\t\t\t<\/div>\n\t\t\t\t<div class=\"elementor-element elementor-element-87d6851 elementor-widget elementor-widget-html\" data-id=\"87d6851\" data-element_type=\"widget\" data-e-type=\"widget\" data-widget_type=\"html.default\">\n\t\t\t\t<div class=\"elementor-widget-container\">\n\t\t\t\t\t<style>.elementor-element-87d6851{display:none !important}<\/style>\t\t\t\t<\/div>\n\t\t\t\t<\/div>\n\t\t\t\t<div class=\"elementor-element elementor-element-8cd3b43 elementor-widget elementor-widget-html\" data-id=\"8cd3b43\" data-element_type=\"widget\" data-e-type=\"widget\" data-no-translation=\"\" data-widget_type=\"html.default\">\n\t\t\t\t<div class=\"elementor-widget-container\">\n\t\t\t\t\t<div class=\"vid-container\">\n<div class=\"vid-wrapper\">\n<iframe src=\"https:\/\/www.youtube.com\/embed\/videoseries?list=PLi30-A4MW9jr2Vc86gmVNMfs4aAvnMVoF&amp;autoplay=1&amp;rel=0&amp;wmode=opaque\" title=\"IFX Live TV\" frameborder=\"0\" allow=\"accelerometer; autoplay; clipboard-write; encrypted-media; gyroscope; picture-in-picture; web-share\" allowfullscreen=\"\" width=\"100%\" height=\"100%\"><\/iframe>\n<\/div>\n<\/div>\t\t\t\t<\/div>\n\t\t\t\t<\/div>\n\t\t\t\t<div class=\"elementor-element elementor-element-03d9a21 elementor-widget elementor-widget-html\" data-id=\"03d9a21\" data-element_type=\"widget\" data-e-type=\"widget\" data-no-translation=\"\" data-widget_type=\"html.default\">\n\t\t\t\t<div class=\"elementor-widget-container\">\n\t\t\t\t\t<style>.elementor-element-03d9a21{display:none !important}<\/style>\t\t\t\t<\/div>\n\t\t\t\t<\/div>\n\t\t\t\t<div class=\"elementor-element elementor-element-b543ca7 elementor-widget elementor-widget-html\" data-id=\"b543ca7\" data-element_type=\"widget\" data-e-type=\"widget\" data-no-translation=\"\" data-widget_type=\"html.default\">\n\t\t\t\t<div class=\"elementor-widget-container\">\n\t\t\t\t\t<style>.elementor-element-b543ca7{display:none !important}<\/style>\t\t\t\t<\/div>\n\t\t\t\t<\/div>\n\t\t\t\t<div class=\"elementor-element elementor-element-9c84465 elementor-widget elementor-widget-html\" data-id=\"9c84465\" data-element_type=\"widget\" data-e-type=\"widget\" data-no-translation=\"\" data-widget_type=\"html.default\">\n\t\t\t\t<div class=\"elementor-widget-container\">\n\t\t\t\t\t<style>.elementor-element-9c84465{display:none !important}<\/style>\t\t\t\t<\/div>\n\t\t\t\t<\/div>\n\t\t\t\t<div class=\"elementor-element elementor-element-f45c47b elementor-widget elementor-widget-html\" data-id=\"f45c47b\" data-element_type=\"widget\" data-e-type=\"widget\" data-no-translation=\"\" data-widget_type=\"html.default\">\n\t\t\t\t<div class=\"elementor-widget-container\">\n\t\t\t\t\t<style>.elementor-element-f45c47b{display:none !important}<\/style>\t\t\t\t<\/div>\n\t\t\t\t<\/div>\n\t\t\t\t\t<\/div>\n\t\t<\/div>\n\t\t\t\t\t<\/div>\n\t\t<\/section>\n\t\t\t\t<section class=\"elementor-section elementor-top-section elementor-element elementor-element-713e68b elementor-section-boxed elementor-section-height-default elementor-section-height-default\" data-id=\"713e68b\" data-element_type=\"section\" data-e-type=\"section\" data-settings=\"{&quot;background_background&quot;:&quot;classic&quot;}\">\n\t\t\t\t\t\t<div class=\"elementor-container elementor-column-gap-default\">\n\t\t\t\t\t<div class=\"elementor-column elementor-col-100 elementor-top-column elementor-element elementor-element-997361f\" data-id=\"997361f\" data-element_type=\"column\" data-e-type=\"column\">\n\t\t\t<div class=\"elementor-widget-wrap elementor-element-populated\">\n\t\t\t\t\t\t<div class=\"elementor-element elementor-element-3fdb253 elementor-widget elementor-widget-text-editor\" data-id=\"3fdb253\" data-element_type=\"widget\" data-e-type=\"widget\" data-widget_type=\"text-editor.default\">\n\t\t\t\t<div class=\"elementor-widget-container\">\n\t\t\t\t\t\t\t\t\tAbra una cuenta de trading y disfrute de todo lo que IronFX tiene para ofrecer\t\t\t\t\t\t\t\t<\/div>\n\t\t\t\t<\/div>\n\t\t\t\t<section class=\"elementor-section elementor-inner-section elementor-element elementor-element-101a93a elementor-section-boxed elementor-section-height-default elementor-section-height-default\" data-id=\"101a93a\" data-element_type=\"section\" data-e-type=\"section\">\n\t\t\t\t\t\t<div class=\"elementor-container elementor-column-gap-default\">\n\t\t\t\t\t<div class=\"elementor-column elementor-col-33 elementor-inner-column elementor-element elementor-element-1b4075d\" data-id=\"1b4075d\" data-element_type=\"column\" data-e-type=\"column\">\n\t\t\t<div class=\"elementor-widget-wrap elementor-element-populated\">\n\t\t\t\t\t\t<div class=\"elementor-element elementor-element-23b00c5 elementor-widget elementor-widget-image\" data-id=\"23b00c5\" data-element_type=\"widget\" data-e-type=\"widget\" data-widget_type=\"image.default\">\n\t\t\t\t<div class=\"elementor-widget-container\">\n\t\t\t\t\t\t\t\t\t\t\t\t\t\t\t<img decoding=\"async\" src=\"\/wp-content\/uploads\/2023\/03\/checkmark-3.svg\" class=\"attachment-full size-full wp-image-58584\" alt=\"\" \/>\t\t\t\t\t\t\t\t\t\t\t\t\t\t\t<\/div>\n\t\t\t\t<\/div>\n\t\t\t\t<div class=\"elementor-element elementor-element-34ab1f9 elementor-widget elementor-widget-text-editor\" data-id=\"34ab1f9\" data-element_type=\"widget\" data-e-type=\"widget\" data-widget_type=\"text-editor.default\">\n\t\t\t\t<div class=\"elementor-widget-container\">\n\t\t\t\t\t\t\t\t\tPodcasts y webinarios en vivo\t\t\t\t\t\t\t\t<\/div>\n\t\t\t\t<\/div>\n\t\t\t\t\t<\/div>\n\t\t<\/div>\n\t\t\t\t<div class=\"elementor-column elementor-col-33 elementor-inner-column elementor-element elementor-element-9f1a271\" data-id=\"9f1a271\" data-element_type=\"column\" data-e-type=\"column\">\n\t\t\t<div class=\"elementor-widget-wrap elementor-element-populated\">\n\t\t\t\t\t\t<div class=\"elementor-element elementor-element-6ed8ff5 elementor-widget elementor-widget-image\" data-id=\"6ed8ff5\" data-element_type=\"widget\" data-e-type=\"widget\" data-widget_type=\"image.default\">\n\t\t\t\t<div class=\"elementor-widget-container\">\n\t\t\t\t\t\t\t\t\t\t\t\t\t\t\t<img decoding=\"async\" src=\"\/wp-content\/uploads\/2023\/03\/checkmark-3.svg\" class=\"attachment-full size-full wp-image-58584\" alt=\"\" \/>\t\t\t\t\t\t\t\t\t\t\t\t\t\t\t<\/div>\n\t\t\t\t<\/div>\n\t\t\t\t<div class=\"elementor-element elementor-element-d71db84 elementor-widget elementor-widget-text-editor\" data-id=\"d71db84\" data-element_type=\"widget\" data-e-type=\"widget\" data-widget_type=\"text-editor.default\">\n\t\t\t\t<div class=\"elementor-widget-container\">\n\t\t\t\t\t\t\t\t\tHerramientas de Trading Central y An\u00e1lisis de investigaci\u00f3n\t\t\t\t\t\t\t\t<\/div>\n\t\t\t\t<\/div>\n\t\t\t\t\t<\/div>\n\t\t<\/div>\n\t\t\t\t<div class=\"elementor-column elementor-col-33 elementor-inner-column elementor-element elementor-element-317b80e\" data-id=\"317b80e\" data-element_type=\"column\" data-e-type=\"column\">\n\t\t\t<div class=\"elementor-widget-wrap elementor-element-populated\">\n\t\t\t\t\t\t<div class=\"elementor-element elementor-element-a5ee520 elementor-widget elementor-widget-image\" data-id=\"a5ee520\" data-element_type=\"widget\" data-e-type=\"widget\" data-widget_type=\"image.default\">\n\t\t\t\t<div class=\"elementor-widget-container\">\n\t\t\t\t\t\t\t\t\t\t\t\t\t\t\t<img decoding=\"async\" src=\"\/wp-content\/uploads\/2023\/03\/checkmark-3.svg\" class=\"attachment-full size-full wp-image-58584\" alt=\"\" \/>\t\t\t\t\t\t\t\t\t\t\t\t\t\t\t<\/div>\n\t\t\t\t<\/div>\n\t\t\t\t<div class=\"elementor-element elementor-element-944fea0 elementor-widget elementor-widget-text-editor\" data-id=\"944fea0\" data-element_type=\"widget\" data-e-type=\"widget\" data-widget_type=\"text-editor.default\">\n\t\t\t\t<div class=\"elementor-widget-container\">\n\t\t\t\t\t\t\t\t\tPlataformas de trading l\u00edderes\t\t\t\t\t\t\t\t<\/div>\n\t\t\t\t<\/div>\n\t\t\t\t\t<\/div>\n\t\t<\/div>\n\t\t\t\t\t<\/div>\n\t\t<\/section>\n\t\t\t\t<section class=\"elementor-section elementor-inner-section elementor-element elementor-element-90ab9ac elementor-section-boxed elementor-section-height-default elementor-section-height-default\" data-id=\"90ab9ac\" data-element_type=\"section\" data-e-type=\"section\">\n\t\t\t\t\t\t<div class=\"elementor-container elementor-column-gap-default\">\n\t\t\t\t\t<div class=\"elementor-column elementor-col-33 elementor-inner-column elementor-element elementor-element-f20400b\" data-id=\"f20400b\" data-element_type=\"column\" data-e-type=\"column\">\n\t\t\t<div class=\"elementor-widget-wrap elementor-element-populated\">\n\t\t\t\t\t\t<div class=\"elementor-element elementor-element-cb02975 elementor-widget elementor-widget-image\" data-id=\"cb02975\" data-element_type=\"widget\" data-e-type=\"widget\" data-widget_type=\"image.default\">\n\t\t\t\t<div class=\"elementor-widget-container\">\n\t\t\t\t\t\t\t\t\t\t\t\t\t\t\t<img decoding=\"async\" src=\"\/wp-content\/uploads\/2023\/03\/checkmark-3.svg\" class=\"attachment-full size-full wp-image-58584\" alt=\"\" \/>\t\t\t\t\t\t\t\t\t\t\t\t\t\t\t<\/div>\n\t\t\t\t<\/div>\n\t\t\t\t<div class=\"elementor-element elementor-element-af99d52 elementor-widget elementor-widget-text-editor\" data-id=\"af99d52\" data-element_type=\"widget\" data-e-type=\"widget\" data-widget_type=\"text-editor.default\">\n\t\t\t\t<div class=\"elementor-widget-container\">\n\t\t\t\t\t\t\t\t\tDebates en vivo\t\t\t\t\t\t\t\t<\/div>\n\t\t\t\t<\/div>\n\t\t\t\t\t<\/div>\n\t\t<\/div>\n\t\t\t\t<div class=\"elementor-column elementor-col-33 elementor-inner-column elementor-element elementor-element-25d46e8\" data-id=\"25d46e8\" data-element_type=\"column\" data-e-type=\"column\">\n\t\t\t<div class=\"elementor-widget-wrap elementor-element-populated\">\n\t\t\t\t\t\t<div class=\"elementor-element elementor-element-51ed13b elementor-widget elementor-widget-image\" data-id=\"51ed13b\" data-element_type=\"widget\" data-e-type=\"widget\" data-widget_type=\"image.default\">\n\t\t\t\t<div class=\"elementor-widget-container\">\n\t\t\t\t\t\t\t\t\t\t\t\t\t\t\t<img decoding=\"async\" src=\"\/wp-content\/uploads\/2023\/03\/checkmark-3.svg\" class=\"attachment-full size-full wp-image-58584\" alt=\"\" \/>\t\t\t\t\t\t\t\t\t\t\t\t\t\t\t<\/div>\n\t\t\t\t<\/div>\n\t\t\t\t<div class=\"elementor-element elementor-element-a7ce99a elementor-widget elementor-widget-text-editor\" data-id=\"a7ce99a\" data-element_type=\"widget\" data-e-type=\"widget\" data-widget_type=\"text-editor.default\">\n\t\t\t\t<div class=\"elementor-widget-container\">\n\t\t\t\t\t\t\t\t\tPreguntas y respuestas con nuestros expertos\t\t\t\t\t\t\t\t<\/div>\n\t\t\t\t<\/div>\n\t\t\t\t\t<\/div>\n\t\t<\/div>\n\t\t\t\t<div class=\"elementor-column elementor-col-33 elementor-inner-column elementor-element elementor-element-3a64db9\" data-id=\"3a64db9\" data-element_type=\"column\" data-e-type=\"column\">\n\t\t\t<div class=\"elementor-widget-wrap elementor-element-populated\">\n\t\t\t\t\t\t<div class=\"elementor-element elementor-element-dce9da8 elementor-widget elementor-widget-image\" data-id=\"dce9da8\" data-element_type=\"widget\" data-e-type=\"widget\" data-widget_type=\"image.default\">\n\t\t\t\t<div class=\"elementor-widget-container\">\n\t\t\t\t\t\t\t\t\t\t\t\t\t\t\t<img decoding=\"async\" src=\"\/wp-content\/uploads\/2023\/03\/checkmark-3.svg\" class=\"attachment-full size-full wp-image-58584\" alt=\"\" \/>\t\t\t\t\t\t\t\t\t\t\t\t\t\t\t<\/div>\n\t\t\t\t<\/div>\n\t\t\t\t<div class=\"elementor-element elementor-element-611e2f0 elementor-widget elementor-widget-text-editor\" data-id=\"611e2f0\" data-element_type=\"widget\" data-e-type=\"widget\" data-widget_type=\"text-editor.default\">\n\t\t\t\t<div class=\"elementor-widget-container\">\n\t\t\t\t\t\t\t\t\tConceptos b\u00e1sicos de trading\t\t\t\t\t\t\t\t<\/div>\n\t\t\t\t<\/div>\n\t\t\t\t\t<\/div>\n\t\t<\/div>\n\t\t\t\t\t<\/div>\n\t\t<\/section>\n\t\t\t\t<div class=\"elementor-element elementor-element-5049482 elementor-align-center elementor-widget elementor-widget-button\" data-id=\"5049482\" data-element_type=\"widget\" data-e-type=\"widget\" data-widget_type=\"button.default\">\n\t\t\t\t<div class=\"elementor-widget-container\">\n\t\t\t\t\t\t\t\t\t<div class=\"elementor-button-wrapper\">\n\t\t\t\t\t<a class=\"elementor-button elementor-button-link elementor-size-sm\" href=\"https:\/\/www.ironfx.com\/es\/register\">\n\t\t\t\t\t\t<span class=\"elementor-button-content-wrapper\">\n\t\t\t\t\t\t\t\t\t<span class=\"elementor-button-text\">Negocia ahora<\/span>\n\t\t\t\t\t<\/span>\n\t\t\t\t\t<\/a>\n\t\t\t\t<\/div>\n\t\t\t\t\t\t\t\t<\/div>\n\t\t\t\t<\/div>\n\t\t\t\t<div class=\"elementor-element elementor-element-7f52ba2 elementor-widget elementor-widget-text-editor\" data-id=\"7f52ba2\" data-element_type=\"widget\" data-e-type=\"widget\" data-widget_type=\"text-editor.default\">\n\t\t\t\t<div class=\"elementor-widget-container translation-block\">Todas las operaciones implican riesgos. <span class=\"paragraph\"><br><\/span>Es posible perder todo su capital.<\/div>\n\t\t\t\t<\/div>\n\t\t\t\t\t<\/div>\n\t\t<\/div>\n\t\t\t\t\t<\/div>\n\t\t<\/section>\n\t\t\t\t<\/div>","protected":false},"excerpt":{"rendered":"<p>IronFX Live TV AboutMonday &#8211; Friday 9:00 am &#8211;&#8230;<\/p>\n<div class=\"article-readMore\"> <a class=\"more-link\" href=\"https:\/\/www.smartchinaeducation.com\/es\/live-tv\/\">M\u00e1s informaci\u00f3n <span class=\"screen-reader-text\">Empezar a ver IronFX Live TV<\/span><\/a><\/div>","protected":false},"author":22,"featured_media":0,"parent":0,"menu_order":0,"comment_status":"closed","ping_status":"closed","template":"elementor_header_footer","meta":{"_acf_changed":false,"footnotes":""},"class_list":["post-58540","page","type-page","status-publish","hentry","entry"],"acf":[],"yoast_head":"<!-- This site is optimized with the Yoast SEO Premium plugin v27.3 (Yoast SEO v27.3) - https:\/\/yoast.com\/product\/yoast-seo-premium-wordpress\/ -->\n<title>Start Watching IronFX Live TV<\/title>\n<meta name=\"description\" content=\"Watch our daily shows, discussions and keep abreast of market news. Stay informed and spot trading opportunities with analysis and commentary from our experts.\" \/>\n<meta name=\"robots\" content=\"index, follow, max-snippet:-1, max-image-preview:large, max-video-preview:-1\" \/>\n<link rel=\"canonical\" href=\"https:\/\/www.ironfx.com\/es\/wp-json\/wp\/v2\/pages\/58540\/\" \/>\n<meta property=\"og:locale\" content=\"es_ES\" \/>\n<meta property=\"og:type\" content=\"article\" \/>\n<meta property=\"og:title\" content=\"Start Watching IronFX Live TV\" \/>\n<meta property=\"og:description\" content=\"Watch our daily shows, discussions and keep abreast of market news. Stay informed and spot trading opportunities with analysis and commentary from our experts.\" \/>\n<meta property=\"og:url\" content=\"https:\/\/www.smartchinaeducation.com\/es\/live-tv\/\" \/>\n<meta property=\"og:site_name\" content=\"Complete Turnkey Introducing Brokers (IB) Solution at IronFX\" \/>\n<meta property=\"article:modified_time\" content=\"2025-01-07T12:11:41+00:00\" \/>\n<meta name=\"twitter:card\" content=\"summary_large_image\" \/>\n<script type=\"application\/ld+json\" class=\"yoast-schema-graph\">{\"@context\":\"https:\\\/\\\/schema.org\",\"@graph\":[{\"@type\":\"WebPage\",\"@id\":\"https:\\\/\\\/www.smartchinaeducation.com\\\/es\\\/live-tv\\\/\",\"url\":\"https:\\\/\\\/www.smartchinaeducation.com\\\/es\\\/live-tv\\\/\",\"name\":\"Start Watching IronFX Live TV\",\"isPartOf\":{\"@id\":\"https:\\\/\\\/www.smartchinaeducation.com\\\/es\\\/#website\"},\"datePublished\":\"2023-03-27T06:17:53+00:00\",\"dateModified\":\"2025-01-07T12:11:41+00:00\",\"description\":\"Watch our daily shows, discussions and keep abreast of market news. Stay informed and spot trading opportunities with analysis and commentary from our experts.\",\"breadcrumb\":{\"@id\":\"https:\\\/\\\/www.smartchinaeducation.com\\\/es\\\/live-tv\\\/#breadcrumb\"},\"inLanguage\":\"es\",\"potentialAction\":[{\"@type\":\"ReadAction\",\"target\":[\"https:\\\/\\\/www.smartchinaeducation.com\\\/es\\\/live-tv\\\/\"]}]},{\"@type\":\"BreadcrumbList\",\"@id\":\"https:\\\/\\\/www.smartchinaeducation.com\\\/es\\\/live-tv\\\/#breadcrumb\",\"itemListElement\":[{\"@type\":\"ListItem\",\"position\":1,\"name\":\"Home\",\"item\":\"https:\\\/\\\/www.smartchinaeducation.com\\\/es\\\/\"},{\"@type\":\"ListItem\",\"position\":2,\"name\":\"Start Watching IronFX Live TV\"}]},{\"@type\":\"WebSite\",\"@id\":\"https:\\\/\\\/www.smartchinaeducation.com\\\/es\\\/#website\",\"url\":\"https:\\\/\\\/www.smartchinaeducation.com\\\/es\\\/\",\"name\":\"Complete Turnkey Introducing Brokers (IB) Solution at IronFX\",\"description\":\"&quot;Our Introducing Brokers program offers competitive conditions tailored to our partners&#039; needs. Become an IB and enjoy the highest market rebates.&quot;\",\"publisher\":{\"@id\":\"https:\\\/\\\/www.smartchinaeducation.com\\\/es\\\/#organization\"},\"potentialAction\":[{\"@type\":\"SearchAction\",\"target\":{\"@type\":\"EntryPoint\",\"urlTemplate\":\"https:\\\/\\\/www.smartchinaeducation.com\\\/es\\\/?s={search_term_string}\"},\"query-input\":{\"@type\":\"PropertyValueSpecification\",\"valueRequired\":true,\"valueName\":\"search_term_string\"}}],\"inLanguage\":\"es\"},{\"@type\":\"Organization\",\"@id\":\"https:\\\/\\\/www.smartchinaeducation.com\\\/es\\\/#organization\",\"name\":\"Complete Turnkey Introducing Brokers (IB) Solution at IronFX\",\"url\":\"https:\\\/\\\/www.smartchinaeducation.com\\\/es\\\/\",\"logo\":{\"@type\":\"ImageObject\",\"inLanguage\":\"es\",\"@id\":\"https:\\\/\\\/www.smartchinaeducation.com\\\/es\\\/#\\\/schema\\\/logo\\\/image\\\/\",\"url\":\"\\\/wp-content\\\/uploads\\\/2021\\\/07\\\/ironfx-forex-trading.jpg\",\"contentUrl\":\"\\\/wp-content\\\/uploads\\\/2021\\\/07\\\/ironfx-forex-trading.jpg\",\"width\":1200,\"height\":627,\"caption\":\"Complete Turnkey Introducing Brokers (IB) Solution at IronFX\"},\"image\":{\"@id\":\"https:\\\/\\\/www.smartchinaeducation.com\\\/es\\\/#\\\/schema\\\/logo\\\/image\\\/\"}}]}<\/script>\n<!-- \/ Yoast SEO Premium plugin. -->","yoast_head_json":{"title":"Empezar a ver IronFX Live TV","description":"Vea nuestros programas diarios, discusiones y mant\u00e9ngase al tanto de las noticias del mercado. Mant\u00e9ngase informado e identifique oportunidades de trading con an\u00e1lisis y comentarios de nuestros expertos.","robots":{"index":"index","follow":"follow","max-snippet":"max-snippet:-1","max-image-preview":"max-image-preview:large","max-video-preview":"max-video-preview:-1"},"canonical":"https:\/\/www.ironfx.com\/es\/wp-json\/wp\/v2\/pages\/58540\/","og_locale":"es_ES","og_type":"article","og_title":"Start Watching IronFX Live TV","og_description":"Watch our daily shows, discussions and keep abreast of market news. Stay informed and spot trading opportunities with analysis and commentary from our experts.","og_url":"https:\/\/www.smartchinaeducation.com\/es\/live-tv\/","og_site_name":"Complete Turnkey Introducing Brokers (IB) Solution at IronFX","article_modified_time":"2025-01-07T12:11:41+00:00","twitter_card":"summary_large_image","schema":{"@context":"https:\/\/schema.org","@graph":[{"@type":"WebPage","@id":"https:\/\/www.smartchinaeducation.com\/es\/live-tv\/","url":"https:\/\/www.smartchinaeducation.com\/es\/live-tv\/","name":"Empezar a ver IronFX Live TV","isPartOf":{"@id":"https:\/\/www.smartchinaeducation.com\/es\/#website"},"datePublished":"2023-03-27T06:17:53+00:00","dateModified":"2025-01-07T12:11:41+00:00","description":"Vea nuestros programas diarios, discusiones y mant\u00e9ngase al tanto de las noticias del mercado. Mant\u00e9ngase informado e identifique oportunidades de trading con an\u00e1lisis y comentarios de nuestros expertos.","breadcrumb":{"@id":"https:\/\/www.smartchinaeducation.com\/es\/live-tv\/#breadcrumb"},"inLanguage":"es","potentialAction":[{"@type":"ReadAction","target":["https:\/\/www.smartchinaeducation.com\/es\/live-tv\/"]}]},{"@type":"BreadcrumbList","@id":"https:\/\/www.smartchinaeducation.com\/es\/live-tv\/#breadcrumb","itemListElement":[{"@type":"ListItem","position":1,"name":"Home","item":"https:\/\/www.smartchinaeducation.com\/es\/"},{"@type":"ListItem","position":2,"name":"Start Watching IronFX Live TV"}]},{"@type":"WebSite","@id":"https:\/\/www.smartchinaeducation.com\/es\/#website","url":"https:\/\/www.smartchinaeducation.com\/es\/","name":"La soluci\u00f3n integral para IB, en IronFX","description":"&quot;Our Introducing Brokers program offers competitive conditions tailored to our partners&#039; needs. Become an IB and enjoy the highest market rebates.&quot;","publisher":{"@id":"https:\/\/www.smartchinaeducation.com\/es\/#organization"},"potentialAction":[{"@type":"SearchAction","target":{"@type":"EntryPoint","urlTemplate":"https:\/\/www.smartchinaeducation.com\/es\/?s={search_term_string}"},"query-input":{"@type":"PropertyValueSpecification","valueRequired":true,"valueName":"search_term_string"}}],"inLanguage":"es"},{"@type":"Organization","@id":"https:\/\/www.smartchinaeducation.com\/es\/#organization","name":"La soluci\u00f3n integral para IB, en IronFX","url":"https:\/\/www.smartchinaeducation.com\/es\/","logo":{"@type":"ImageObject","inLanguage":"es","@id":"https:\/\/www.smartchinaeducation.com\/es\/#\/schema\/logo\/image\/","url":"\/wp-content\/uploads\/2021\/07\/ironfx-forex-trading.jpg","contentUrl":"\/wp-content\/uploads\/2021\/07\/ironfx-forex-trading.jpg","width":1200,"height":627,"caption":"Complete Turnkey Introducing Brokers (IB) Solution at IronFX"},"image":{"@id":"https:\/\/www.smartchinaeducation.com\/es\/#\/schema\/logo\/image\/"}}]}},"_links":{"self":[{"href":"https:\/\/www.smartchinaeducation.com\/es\/wp-json\/wp\/v2\/pages\/58540","targetHints":{"allow":["GET"]}}],"collection":[{"href":"https:\/\/www.smartchinaeducation.com\/es\/wp-json\/wp\/v2\/pages"}],"about":[{"href":"https:\/\/www.smartchinaeducation.com\/es\/wp-json\/wp\/v2\/types\/page"}],"author":[{"embeddable":true,"href":"https:\/\/www.smartchinaeducation.com\/es\/wp-json\/wp\/v2\/users\/22"}],"replies":[{"embeddable":true,"href":"https:\/\/www.smartchinaeducation.com\/es\/wp-json\/wp\/v2\/comments?post=58540"}],"version-history":[{"count":0,"href":"https:\/\/www.smartchinaeducation.com\/es\/wp-json\/wp\/v2\/pages\/58540\/revisions"}],"wp:attachment":[{"href":"https:\/\/www.smartchinaeducation.com\/es\/wp-json\/wp\/v2\/media?parent=58540"}],"curies":[{"name":"wp","href":"https:\/\/api.w.org\/{rel}","templated":true}]}}